{"id":642,"date":"2015-11-24T05:41:19","date_gmt":"2015-11-24T05:41:19","guid":{"rendered":"http:\/\/logistics.stylemixthemes.com\/demo\/?page_id=642"},"modified":"2020-10-22T10:47:14","modified_gmt":"2020-10-22T12:47:14","slug":"paslaugos","status":"publish","type":"page","link":"https:\/\/www.frega.lt\/?page_id=642","title":{"rendered":"Paslaugos"},"content":{"rendered":"<p>[vc_row css=&#8221;.vc_custom_1448347192284{margin-bottom: 70px !important;}&#8221;][vc_column][vc_column_text css=&#8221;.vc_custom_1505725405006{margin-bottom: 40px !important;}&#8221;]<\/p>\n<h2 style=\"text-align: left;\">M\u016bs\u0173 si\u016blomos paslaugos Jums<\/h2>\n<p>[\/vc_column_text][\/vc_column][\/vc_row][vc_row css=&#8221;.vc_custom_1504522907458{margin-top: 80px !important;margin-bottom: 100px !important;padding-bottom: 100px !important;}&#8221; el_id=&#8221;paslaugos&#8221;][vc_column width=&#8221;1\/2&#8243;][stm_icon icon_size=&#8221;71&#8243; icon_height=&#8221;72&#8243; title_font_size=&#8221;20&#8243; title_font_weight=&#8221;500&#8243; icon=&#8221;stm-projects-done&#8221; title=&#8221;MUITIN\u0116S TARPININKAVIMAS&#8221; text=&#8221;<\/p>\n<ul>\n<li>Muitin\u0117s dokument\u0173 rengimas pagal galiojan\u010dius muitin\u0117s reikalvimus;<\/li>\n<li>Krovinio dokument\u0173 pildymas: TIR Carnet, CMR, SMGS it kt.;<\/li>\n<li>Konsultacijos muitin\u0117s proced\u016br\u0173 ir kit\u0173 sankcionuot\u0173 veiksm\u0173 klausimais;<\/li>\n<li>Atstovavimas muitin\u0117je, valstybin\u0117se ir kitose tarnybose, gaunant licencijas, sertifikatus, leidimus ir t.t.;<\/li>\n<\/ul>\n<p>&#8221; title_color=&#8221;#f47824&#8243; text_color=&#8221;#808080&#8243; link=&#8221;url:%2Fmuitines-tarpininkavimas%2F|||&#8221;][stm_icon icon_size=&#8221;71&#8243; icon_height=&#8221;72&#8243; title_font_size=&#8221;20&#8243; title_font_weight=&#8221;500&#8243; icon=&#8221;stm-transport839&#8243; title=&#8221;EPI \/ Tranzitas per ES (T-1)&#8221; text=&#8221;<\/p>\n<ul>\n<li>IEI \u2013 I\u0161ankstinis elektroninis informavimas (EPI), kuris yra privalomas visiems kroviniams ir transporto priemon\u0117ms va\u017eiuojantiems \u012f\/per Muit\u0173 S\u0105jung\u0105.<\/li>\n<li>Tranzitas \u2013 muitin\u0117s proced\u016bra, kuri\u0105 taikant muitin\u0117s pri\u017ei\u016brimos prek\u0117s ve\u017eamos i\u0161 vienos muitin\u0117s \u012fstaigos \u012f kit\u0105.<\/li>\n<li>Tranzitin\u0117 deklaracija (T1)<\/li>\n<\/ul>\n<p>&#8221; title_color=&#8221;#f47824&#8243; text_color=&#8221;#808080&#8243; link=&#8221;url:%2Fepi-tranzitas-per-es-t-1%2F|||&#8221; css=&#8221;.vc_custom_1603370792976{margin-top: 70px !important;}&#8221;][\/vc_column][vc_column width=&#8221;1\/2&#8243;][stm_icon icon_size=&#8221;71&#8243; icon_height=&#8221;72&#8243; title_font_size=&#8221;20&#8243; title_font_weight=&#8221;500&#8243; icon=&#8221;stm-warehouse&#8221; title=&#8221;SAND\u0116LIAVIMO PASLAUGOS&#8221; text=&#8221;<\/p>\n<ul>\n<li>Europos Bendrijos preki\u0173 saugojimas Muitin\u0117s sandelyje<\/li>\n<li>Krovos darbai (mechanizuotu, rankiniu b\u016bdu), darbai su kranu;<\/li>\n<li>Preki\u0173 \u017eenklinimas etiket\u0117mis, sv\u0117rimas, r\u016b\u0161iavimas, parengimas transportavimui, paskirstymui ar pardavimui;<\/li>\n<li>Temperat\u016briniai sand\u0117liai (re\u017eimas nuo -20C iki +20C)<\/li>\n<\/ul>\n<p>&#8221; title_color=&#8221;#f47824&#8243; text_color=&#8221;#808080&#8243; link=&#8221;url:%2Fsandeliavimo-paslaugos%2F|||&#8221;][stm_icon icon_size=&#8221;71&#8243; icon_height=&#8221;72&#8243; title_font_size=&#8221;20&#8243; title_font_weight=&#8221;500&#8243; icon=&#8221;stm-clients-worldwide&#8221; title=&#8221;LOGISTIKOS PASLAUGOS&#8221; text=&#8221;<\/p>\n<ul>\n<li>Sand\u0117liavimo ir u\u017esakym\u0173 valdymo sprendimai J\u016bs\u0173 verslui<\/li>\n<li>Atsarg\u0173 valdymo ir transporto paskirstymo sprendimai<\/li>\n<li>Paslaugos gabenantiems krovinius i\u0161 Europos S\u0105jungos \u012f tre\u010diasias \u0161alis;<\/li>\n<li>Krovinio pristatymas \u201enuo dur\u0173 iki dur\u0173\u201c;<\/li>\n<li>Atsarg\u0173 valdymo sprendimai;<\/li>\n<\/ul>\n<p>&#8221; title_color=&#8221;#f47824&#8243; text_color=&#8221;#808080&#8243; link=&#8221;url:%2Flogistikos-paslaugos%2F|||&#8221; css=&#8221;.vc_custom_1603370840693{margin-top: 70px !important;}&#8221;][\/vc_column][\/vc_row][vc_row full_width=&#8221;stretch_row&#8221; el_class=&#8221;secondary_bg_color&#8221;][vc_column][vc_cta h2=&#8221;Nesate \u012fsitikin\u0119, kuri paslauga labiausiai tinka J\u016bs\u0173 verslo poreikiams?&#8221; shape=&#8221;square&#8221; add_button=&#8221;right&#8221; btn_title=&#8221;Susisiekite&#8221; btn_style=&#8221;outline&#8221; btn_shape=&#8221;round&#8221; btn_color=&#8221;white&#8221; btn_i_align=&#8221;right&#8221; btn_i_icon_fontawesome=&#8221;stm-arrow-next&#8221; btn_add_icon=&#8221;true&#8221; el_class=&#8221;secondary_bg_color&#8221; btn_link=&#8221;url:%2Fkontaktai%2F|||&#8221;][\/vc_cta][\/vc_column][\/vc_row]<\/p>","protected":false},"excerpt":{"rendered":"<p>[vc_row css=&#8221;.vc_custom_1448347192284{margin-bottom: 70px !important;}&#8221;][vc_column][vc_column_text css=&#8221;.vc_custom_1505725405006{margin-bottom: 40px !important;}&#8221;] M\u016bs\u0173 si\u016blomos paslaugos Jums [\/vc_column_text][\/vc_column][\/vc_row][vc_row css=&#8221;.vc_custom_1504522907458{margin-top: 80px !important;margin-bottom: 100px !important;padding-bottom: 100px !important;}&#8221; el_id=&#8221;paslaugos&#8221;][vc_column width=&#8221;1\/2&#8243;][stm_icon icon_size=&#8221;71&#8243; icon_height=&#8221;72&#8243; title_font_size=&#8221;20&#8243; title_font_weight=&#8221;500&#8243; icon=&#8221;stm-projects-done&#8221; title=&#8221;MUITIN\u0116S TARPININKAVIMAS&#8221; text=&#8221; Muitin\u0117s dokument\u0173 rengimas pagal&#8230;<\/p>\n","protected":false},"author":1,"featured_media":0,"parent":0,"menu_order":0,"comment_status":"closed","ping_status":"closed","template":"","meta":{"footnotes":""},"_links":{"self":[{"href":"https:\/\/www.frega.lt\/index.php?rest_route=\/wp\/v2\/pages\/642"}],"collection":[{"href":"https:\/\/www.frega.lt\/index.php?rest_route=\/wp\/v2\/pages"}],"about":[{"href":"https:\/\/www.frega.lt\/index.php?rest_route=\/wp\/v2\/types\/page"}],"author":[{"embeddable":true,"href":"https:\/\/www.frega.lt\/index.php?rest_route=\/wp\/v2\/users\/1"}],"replies":[{"embeddable":true,"href":"https:\/\/www.frega.lt\/index.php?rest_route=%2Fwp%2Fv2%2Fcomments&post=642"}],"version-history":[{"count":63,"href":"https:\/\/www.frega.lt\/index.php?rest_route=\/wp\/v2\/pages\/642\/revisions"}],"predecessor-version":[{"id":1932,"href":"https:\/\/www.frega.lt\/index.php?rest_route=\/wp\/v2\/pages\/642\/revisions\/1932"}],"wp:attachment":[{"href":"https:\/\/www.frega.lt\/index.php?rest_route=%2Fwp%2Fv2%2Fmedia&parent=642"}],"curies":[{"name":"wp","href":"https:\/\/api.w.org\/{rel}","templated":true}]}}