{"id":501,"date":"2015-11-19T05:17:17","date_gmt":"2015-11-19T05:17:17","guid":{"rendered":"http:\/\/logistics.stylemixthemes.com\/demo\/?page_id=501"},"modified":"2017-09-19T03:17:35","modified_gmt":"2017-09-19T05:17:35","slug":"karjera","status":"publish","type":"page","link":"https:\/\/www.frega.lt\/?page_id=501","title":{"rendered":"Karjera"},"content":{"rendered":"<p>[vc_row css=&#8221;.vc_custom_1449144040608{margin-bottom: 80px !important;}&#8221;][vc_column][vc_column_text css=&#8221;.vc_custom_1504705083493{margin-bottom: 60px !important;}&#8221;]<\/p>\n<h2>Prad\u0117k savo karjer\u0105 pas mus!<\/h2>\n<p>M\u016bs\u0173 \u012fmon\u0117 nuolat ie\u0161ko asmenybi\u0173, norin\u010di\u0173 prisijungti prie m\u016bs\u0173 kolektyvo. UAB \u201eFREGA\u201c si\u016blo: geras darbo s\u0105lygas, karjeros galimybes, patraukl\u0173 atlyginim\u0105 ir visas socialines garantijas. Jei susidom\u0117jote karjera m\u016bs\u0173 \u012fmon\u0117je, lauksime J\u016bs\u0173 CV.[\/vc_column_text][vc_custom_heading text=&#8221;\u0160iuo metu ie\u0161kome&#8221; use_theme_fonts=&#8221;yes&#8221;][stm_vacancies][vc_column_text]Turite klausim\u0173? \u00a0 \u00a0\u00a0<a class=\"button icon_right size-sm\" href=\"\/kontaktai\/\">Susisiekite dabar <i class=\"stm-arrow-next\"><\/i><\/a>[\/vc_column_text][\/vc_column][\/vc_row]<\/p>","protected":false},"excerpt":{"rendered":"<p>[vc_row css=&#8221;.vc_custom_1449144040608{margin-bottom: 80px !important;}&#8221;][vc_column][vc_column_text css=&#8221;.vc_custom_1504705083493{margin-bottom: 60px !important;}&#8221;] Prad\u0117k savo karjer\u0105 pas mus! M\u016bs\u0173 \u012fmon\u0117 nuolat ie\u0161ko asmenybi\u0173, norin\u010di\u0173 prisijungti prie m\u016bs\u0173 kolektyvo. UAB \u201eFREGA\u201c si\u016blo: geras darbo s\u0105lygas, karjeros galimybes, patraukl\u0173 atlyginim\u0105 ir&#8230;<\/p>\n","protected":false},"author":1,"featured_media":0,"parent":0,"menu_order":0,"comment_status":"closed","ping_status":"closed","template":"","meta":{"footnotes":""},"_links":{"self":[{"href":"https:\/\/www.frega.lt\/index.php?rest_route=\/wp\/v2\/pages\/501"}],"collection":[{"href":"https:\/\/www.frega.lt\/index.php?rest_route=\/wp\/v2\/pages"}],"about":[{"href":"https:\/\/www.frega.lt\/index.php?rest_route=\/wp\/v2\/types\/page"}],"author":[{"embeddable":true,"href":"https:\/\/www.frega.lt\/index.php?rest_route=\/wp\/v2\/users\/1"}],"replies":[{"embeddable":true,"href":"https:\/\/www.frega.lt\/index.php?rest_route=%2Fwp%2Fv2%2Fcomments&post=501"}],"version-history":[{"count":15,"href":"https:\/\/www.frega.lt\/index.php?rest_route=\/wp\/v2\/pages\/501\/revisions"}],"predecessor-version":[{"id":1699,"href":"https:\/\/www.frega.lt\/index.php?rest_route=\/wp\/v2\/pages\/501\/revisions\/1699"}],"wp:attachment":[{"href":"https:\/\/www.frega.lt\/index.php?rest_route=%2Fwp%2Fv2%2Fmedia&parent=501"}],"curies":[{"name":"wp","href":"https:\/\/api.w.org\/{rel}","templated":true}]}}