{"id":1579,"date":"2017-09-04T09:41:09","date_gmt":"2017-09-04T11:41:09","guid":{"rendered":"http:\/\/frega.lt\/?page_id=1579"},"modified":"2021-12-20T07:55:33","modified_gmt":"2021-12-20T09:55:33","slug":"logistikos-paslaugos","status":"publish","type":"page","link":"https:\/\/www.frega.lt\/?page_id=1579","title":{"rendered":"Logistikos paslaugos"},"content":{"rendered":"<p>[vc_row][vc_column width=&#8221;1\/2&#8243;][vc_column_text]<\/p>\n<ul>\n<li>Sand\u0117liavimo ir u\u017esakym\u0173 valdymo sprendimai J\u016bs\u0173 verslui<\/li>\n<li>Atsarg\u0173 valdymo ir transporto paskirstymo sprendimai<\/li>\n<li>Paslaugos gabenantiems krovinius i\u0161 Europos S\u0105jungos \u012f tre\u010diasias \u0161alis;<\/li>\n<li>Krovinio pristatymas \u201enuo dur\u0173 iki dur\u0173\u201c;<\/li>\n<li>Atsarg\u0173 valdymo sprendimai;<\/li>\n<\/ul>\n<p>[\/vc_column_text][\/vc_column][vc_column width=&#8221;1\/2&#8243;][vc_single_image image=&#8221;1731&#8243; img_size=&#8221;large&#8221;][\/vc_column][\/vc_row][vc_row full_width=&#8221;stretch_row&#8221; css=&#8221;.vc_custom_1505722965132{margin-top: 60px !important;padding-top: 70px !important;padding-bottom: 40px !important;background-color: #f7f7f7 !important;}&#8221; el_class=&#8221;contact-main&#8221;][vc_column width=&#8221;1\/3&#8243;][\/vc_column][\/vc_row][vc_row full_width=&#8221;stretch_row&#8221; css=&#8221;.vc_custom_1504523602621{padding-bottom: 50px !important;background-color: #f7f7f7 !important;}&#8221; el_class=&#8221;footer-main&#8221;][vc_column width=&#8221;1\/4&#8243;][\/vc_column][vc_column width=&#8221;1\/4&#8243;][vc_column_text]<\/p>\n<h4>MUITIN\u0116S TARPININKAI:<\/h4>\n<p><i class=\"fa fa-phone\" aria-hidden=\"true\"><\/i>\u0422\u0435l.: <a href=\"tel:+370 630 00619\">+370 630 00619<\/a><br \/>\n<i class=\"fa fa-envelope\" aria-hidden=\"true\"><\/i>Email: <a href=\"mailto:mta@frega.lt\">mta@frega.lt<\/a>[\/vc_column_text][\/vc_column][vc_column width=&#8221;1\/4&#8243;][vc_column_text]<\/p>\n<h4>PRI\u0116MIMO SKYRIUS:<\/h4>\n<p><i class=\"fa fa-phone\" aria-hidden=\"true\"><\/i>\u0422\u0435l.: <a href=\"tel:+370 630 00614\">+370 630 00614<\/a><br \/>\n<i class=\"fa fa-envelope\" aria-hidden=\"true\"><\/i>Email: <a href=\"mailto:priemimas@frega.lt\">priemimas@frega.lt<\/a>[\/vc_column_text][\/vc_column][vc_column width=&#8221;1\/4&#8243;][vc_column_text]<\/p>\n<h4>U\u017dSAKYM\u0172 SKYRIUS:<\/h4>\n<p><i class=\"fa fa-phone\" aria-hidden=\"true\"><\/i>\u0422\u0435l.: <a href=\"tel:+370 630 00613\">+370 630 00613<\/a><br \/>\n<i class=\"fa fa-envelope\" aria-hidden=\"true\"><\/i>Email: <a href=\"mailto:custom@frega.lt\">custom@frega.lt<\/a>[\/vc_column_text][\/vc_column][\/vc_row][vc_row full_width=&#8221;stretch_row_content_no_spaces&#8221; el_class=&#8221;map-main&#8221;][vc_column][vc_gmaps link=&#8221;#E-8_JTNDaWZyYW1lJTIwc3JjJTNEJTIyaHR0cHMlM0ElMkYlMkZ3d3cuZ29vZ2xlLmNvbSUyRm1hcHMlMkZlbWJlZCUzRnBiJTNEJTIxMW0xOCUyMTFtMTIlMjExbTMlMjExZDIzMDcuNDM3Mzk5MDIzNjY0JTIxMmQyNS4yNTMyMjMyMTU5NjE3NyUyMTNkNTQuNjY2NzI3OTgyNjkwNjc0JTIxMm0zJTIxMWYwJTIxMmYwJTIxM2YwJTIxM20yJTIxMWkxMDI0JTIxMmk3NjglMjE0ZjEzLjElMjEzbTMlMjExbTIlMjExczB4NDZkZDk0N2I0MGI4NjJkYiUyNTNBMHhhNWQxNTAwMDAzOGU3NDM4JTIxMnNQYW5lcmklMjVDNSUyNUIzJTJCZy4lMkI1MSUyNTJDJTJCVmlsbml1cyUyQjAzMjAyJTIxNWUwJTIxM20yJTIxMXNlbiUyMTJzbHQlMjE0djE1MDQxNjA0MTA0MzYlMjIlMjB3aWR0aCUzRCUyMjYwMCUyMiUyMGhlaWdodCUzRCUyMjQ1MCUyMiUyMGZyYW1lYm9yZGVyJTNEJTIyMCUyMiUyMHN0eWxlJTNEJTIyYm9yZGVyJTNBMCUyMiUyMGFsbG93ZnVsbHNjcmVlbiUzRSUzQyUyRmlmcmFtZSUzRQ==&#8221; el_class=&#8221;map-main&#8221;][\/vc_column][\/vc_row]<\/p>","protected":false},"excerpt":{"rendered":"<p>[vc_row][vc_column width=&#8221;1\/2&#8243;][vc_column_text] Sand\u0117liavimo ir u\u017esakym\u0173 valdymo sprendimai J\u016bs\u0173 verslui Atsarg\u0173 valdymo ir transporto paskirstymo sprendimai Paslaugos gabenantiems krovinius i\u0161 Europos S\u0105jungos \u012f tre\u010diasias \u0161alis; Krovinio pristatymas \u201enuo dur\u0173 iki dur\u0173\u201c; Atsarg\u0173 valdymo sprendimai;&#8230;<\/p>\n","protected":false},"author":1,"featured_media":0,"parent":0,"menu_order":0,"comment_status":"closed","ping_status":"closed","template":"","meta":{"footnotes":""},"_links":{"self":[{"href":"https:\/\/www.frega.lt\/index.php?rest_route=\/wp\/v2\/pages\/1579"}],"collection":[{"href":"https:\/\/www.frega.lt\/index.php?rest_route=\/wp\/v2\/pages"}],"about":[{"href":"https:\/\/www.frega.lt\/index.php?rest_route=\/wp\/v2\/types\/page"}],"author":[{"embeddable":true,"href":"https:\/\/www.frega.lt\/index.php?rest_route=\/wp\/v2\/users\/1"}],"replies":[{"embeddable":true,"href":"https:\/\/www.frega.lt\/index.php?rest_route=%2Fwp%2Fv2%2Fcomments&post=1579"}],"version-history":[{"count":20,"href":"https:\/\/www.frega.lt\/index.php?rest_route=\/wp\/v2\/pages\/1579\/revisions"}],"predecessor-version":[{"id":1990,"href":"https:\/\/www.frega.lt\/index.php?rest_route=\/wp\/v2\/pages\/1579\/revisions\/1990"}],"wp:attachment":[{"href":"https:\/\/www.frega.lt\/index.php?rest_route=%2Fwp%2Fv2%2Fmedia&parent=1579"}],"curies":[{"name":"wp","href":"https:\/\/api.w.org\/{rel}","templated":true}]}}