{"id":1564,"date":"2017-09-04T09:25:50","date_gmt":"2017-09-04T11:25:50","guid":{"rendered":"http:\/\/frega.lt\/?page_id=1564"},"modified":"2021-12-20T08:18:49","modified_gmt":"2021-12-20T10:18:49","slug":"epi-tranzitas-per-es-t-1","status":"publish","type":"page","link":"https:\/\/www.frega.lt\/?page_id=1564","title":{"rendered":"Epi \/ tranzitas per ES (T-1)"},"content":{"rendered":"<p>[vc_row css=&#8221;.vc_custom_1504524801487{margin-bottom: 60px !important;}&#8221;][vc_column][vc_column_text]<\/p>\n<p style=\"text-align: justify;\">IEI \u2013 I\u0161ankstinis elektroninis informavimas (EPI), kuris yra privalomas visiems kroviniams ir transporto priemon\u0117ms va\u017eiuojantiems \u012f\/per Muit\u0173 S\u0105jung\u0105.<\/p>\n<p style=\"text-align: justify;\">UAB \u201eFrega\u201c specialistai pagal ve\u017e\u0117jo, ekspeditoriaus arba kito asmens, dalyvaujan\u010dio transportavimo procese pateiktus dokumentus, siun\u010dia muitin\u0117s organams prane\u0161im\u0105 su detalia informacija apie perve\u017eim\u0105, transporto priemon\u0119 ir \u012fve\u017eamas \u012f Muit\u0173 S\u0105jung\u0105 prekes. Kiekvienam prane\u0161imui suteikiamas unikalus numeris \u2013 EPI numeris, kuris siun\u010diamas trump\u0105ja \u017einute (SMS) nurodytu vairuotojo telefono numeriu.<\/p>\n<p style=\"text-align: justify;\">Reikalingi dokumentai ir informacija EPI forminimui:<br \/>\n1. TIR ir TIR knygel\u0117s galiojimo data;<br \/>\n2. CMR;<br \/>\n3. Invoice ir specifikacija (packing list);<br \/>\n4. Ma\u0161inos \/ priekabos tech. paso duomenys;<br \/>\n5. Vairuotojo duomenys ir telefono numeris;<br \/>\n6. Pasienio punktas.<\/p>\n<p>[\/vc_column_text][vc_row_inner][vc_column_inner width=&#8221;1\/3&#8243;][vc_column_text][\/vc_column_text][\/vc_column_inner][vc_column_inner width=&#8221;1\/3&#8243;][vc_column_text]<\/p>\n<h4>Paneri\u0173 g. 51, Vilnius<\/h4>\n<p><i class=\"fa fa-phone\" aria-hidden=\"true\"><\/i> \u0422\u0435l.: <a href=\"tel:+370 630 00619\">+370 630 00619<\/a><br \/>\nDarbo laikas: nuo 08:00 iki 22:00 val.[\/vc_column_text][\/vc_column_inner][\/vc_row_inner][vc_column_text css=&#8221;.vc_custom_1639995464467{margin-top: 30px !important;}&#8221; el_class=&#8221;tranzitas&#8221;]<\/p>\n<h3>Tranzitas per ES (T1)<\/h3>\n<p style=\"text-align: justify;\">Teikiame tranzitines deklaracijas (T1) kroviniams, gabenamiems i\u0161 tre\u010di\u0173j\u0173 \u0161ali\u0173. Deklaracijas pateikiame\u00a0Lietuvos\u00a0pasienio muitin\u0117ms.<\/p>\n<p>TIR Carnet tranzitas<br \/>\nRengiamas i\u0161ankstinis privalomas prane\u0161imas Europos s\u0105jungos muitinei.<br \/>\nMuitin\u0117s tarpininkas u\u017epildo elektronin\u0119 TIR deklaracij\u0105 ir pateikia per NCTS sistem\u0105. Informuojama Europos s\u0105jungos muitin\u0119 pagal ES muitin\u0117s kodekso reikalavimus.<br \/>\nNaudojama tarptautin\u0117 TIR Carnet garantija.<\/p>\n<p><b>KAIP VEIKIA?<\/b><\/p>\n<ul>\n<li>Ve\u017e\u0117jai, pasira\u0161o su mumis atstovavimo sutart\u012f su priedais.<\/li>\n<li>Elektroniniu pa\u0161tu siun\u010diami \u0161itie dokumentai:<br \/>\n&#8211; CMR va\u017etara\u0161tis;<br \/>\n&#8211; eksporto deklaracija;<br \/>\n&#8211; s\u0105skaita \u2013 fakt\u016bra (INVOICE);<br \/>\n&#8211; ma\u0161inos \/ priekabos tech. pas\u0173 duomenys, vairuotojo duomenys ir kontaktinis tel. nr.;<br \/>\n&#8211; pasienio posto pavadinimas.<\/li>\n<li>Gav\u0119 dokumentus deklarantai u\u017epildo tranzitin\u0119 deklaracij\u0105, suteikia garantij\u0105 ir LRN kod\u0105 i\u0161siun\u010dia vairuotojui trump\u0105ja sms \u017einute.<\/li>\n<li>Muitin\u0117s pareig\u016bnas sutikrin\u0119s duomenis, suteikia leidim\u0105 \u012fve\u017eti krovin\u012f.<\/li>\n<\/ul>\n<p style=\"text-align: justify;\">Jeigu neturite galimyb\u0117s i\u0161si\u0173sti dokumentus elektroniniu pa\u0161tu, Baltarusijos pasieniuose (Kamennyj Log, Kotlovka ir Beniakoni), vis\u0105 par\u0105 dirba m\u016bs\u0173 aptarnavimo punktai.<br \/>\nDokument\u0173 persiuntimo paslauga yra NEMOKAMA.<\/p>\n<p>Kontaktai i\u0161samesnei informacijai:<br \/>\n\u0422\u0435l.: +370 630 00619<\/p>\n<p><strong>Mes galime pasi\u016blyti Jums geras s\u0105lygas ilgalaikiam bendradarbiavimui<\/strong>![\/vc_column_text][\/vc_column][\/vc_row][vc_row full_width=&#8221;stretch_row&#8221; css=&#8221;.vc_custom_1505722952961{padding-top: 70px !important;padding-bottom: 40px !important;background-color: #f7f7f7 !important;}&#8221; el_class=&#8221;contact-main&#8221;][vc_column width=&#8221;1\/3&#8243;][\/vc_column][vc_column width=&#8221;2\/3&#8243;][\/vc_column][\/vc_row][vc_row full_width=&#8221;stretch_row&#8221; css=&#8221;.vc_custom_1504523602621{padding-bottom: 50px !important;background-color: #f7f7f7 !important;}&#8221; el_class=&#8221;footer-main&#8221;][vc_column width=&#8221;1\/4&#8243;][vc_column_text]<\/p>\n<h4>Muitin\u0117s tarpininko atstov\u0173 skyrius:<\/h4>\n<p><i class=\"fa fa-phone\" aria-hidden=\"true\"><\/i>\u0422\u0435l.: <a href=\"tel:+370 630 00619\">+370 630 00619<\/a><br \/>\n<i class=\"fa fa-envelope\" aria-hidden=\"true\"><\/i>El. pa\u0161tas: <a href=\"mailto:mta@frega.lt\">mta@frega.lt<\/a>[\/vc_column_text][\/vc_column][vc_column width=&#8221;1\/4&#8243;][vc_column_text]<\/p>\n<h4>Dokument\u0173 pri\u0117mimo skyrius:<\/h4>\n<p><i class=\"fa fa-phone\" aria-hidden=\"true\"><\/i>\u0422\u0435l.: <a href=\"tel:+370 630 00614\">+370 630 00614<\/a><br \/>\n<i class=\"fa fa-envelope\" aria-hidden=\"true\"><\/i>El. pa\u0161tas: <a href=\"mailto:priemimas@frega.lt\">priemimas@frega.lt<\/a>[\/vc_column_text][\/vc_column][vc_column width=&#8221;1\/4&#8243;][vc_column_text]<\/p>\n<h4>U\u017esakym\u0173 skyrius:<\/h4>\n<p><i class=\"fa fa-phone\" aria-hidden=\"true\"><\/i>\u0422\u0435l.: <a href=\"tel:+370 630 00613\">+370 630 00613<\/a><br \/>\n<i class=\"fa fa-envelope\" aria-hidden=\"true\"><\/i>El. pa\u0161tas: <a href=\"mailto:custom@frega.lt\">custom@frega.lt<\/a>[\/vc_column_text][\/vc_column][\/vc_row][vc_row full_width=&#8221;stretch_row_content_no_spaces&#8221; el_class=&#8221;map-main&#8221;][vc_column][vc_gmaps link=&#8221;#E-8_JTNDaWZyYW1lJTIwc3JjJTNEJTIyaHR0cHMlM0ElMkYlMkZ3d3cuZ29vZ2xlLmNvbSUyRm1hcHMlMkZlbWJlZCUzRnBiJTNEJTIxMW0xOCUyMTFtMTIlMjExbTMlMjExZDIzMDcuNDM3Mzk5MDIzNjY0JTIxMmQyNS4yNTMyMjMyMTU5NjE3NyUyMTNkNTQuNjY2NzI3OTgyNjkwNjc0JTIxMm0zJTIxMWYwJTIxMmYwJTIxM2YwJTIxM20yJTIxMWkxMDI0JTIxMmk3NjglMjE0ZjEzLjElMjEzbTMlMjExbTIlMjExczB4NDZkZDk0N2I0MGI4NjJkYiUyNTNBMHhhNWQxNTAwMDAzOGU3NDM4JTIxMnNQYW5lcmklMjVDNSUyNUIzJTJCZy4lMkI1MSUyNTJDJTJCVmlsbml1cyUyQjAzMjAyJTIxNWUwJTIxM20yJTIxMXNlbiUyMTJzbHQlMjE0djE1MDQxNjA0MTA0MzYlMjIlMjB3aWR0aCUzRCUyMjYwMCUyMiUyMGhlaWdodCUzRCUyMjQ1MCUyMiUyMGZyYW1lYm9yZGVyJTNEJTIyMCUyMiUyMHN0eWxlJTNEJTIyYm9yZGVyJTNBMCUyMiUyMGFsbG93ZnVsbHNjcmVlbiUzRSUzQyUyRmlmcmFtZSUzRQ==&#8221; el_class=&#8221;map-main&#8221;][\/vc_column][\/vc_row]<\/p>","protected":false},"excerpt":{"rendered":"<p>[vc_row css=&#8221;.vc_custom_1504524801487{margin-bottom: 60px !important;}&#8221;][vc_column][vc_column_text] IEI \u2013 I\u0161ankstinis elektroninis informavimas (EPI), kuris yra privalomas visiems kroviniams ir transporto priemon\u0117ms va\u017eiuojantiems \u012f\/per Muit\u0173 S\u0105jung\u0105. UAB \u201eFrega\u201c specialistai pagal ve\u017e\u0117jo, ekspeditoriaus arba kito asmens, dalyvaujan\u010dio transportavimo&#8230;<\/p>\n","protected":false},"author":1,"featured_media":0,"parent":0,"menu_order":0,"comment_status":"closed","ping_status":"closed","template":"","meta":{"footnotes":""},"_links":{"self":[{"href":"https:\/\/www.frega.lt\/index.php?rest_route=\/wp\/v2\/pages\/1564"}],"collection":[{"href":"https:\/\/www.frega.lt\/index.php?rest_route=\/wp\/v2\/pages"}],"about":[{"href":"https:\/\/www.frega.lt\/index.php?rest_route=\/wp\/v2\/types\/page"}],"author":[{"embeddable":true,"href":"https:\/\/www.frega.lt\/index.php?rest_route=\/wp\/v2\/users\/1"}],"replies":[{"embeddable":true,"href":"https:\/\/www.frega.lt\/index.php?rest_route=%2Fwp%2Fv2%2Fcomments&post=1564"}],"version-history":[{"count":53,"href":"https:\/\/www.frega.lt\/index.php?rest_route=\/wp\/v2\/pages\/1564\/revisions"}],"predecessor-version":[{"id":2001,"href":"https:\/\/www.frega.lt\/index.php?rest_route=\/wp\/v2\/pages\/1564\/revisions\/2001"}],"wp:attachment":[{"href":"https:\/\/www.frega.lt\/index.php?rest_route=%2Fwp%2Fv2%2Fmedia&parent=1564"}],"curies":[{"name":"wp","href":"https:\/\/api.w.org\/{rel}","templated":true}]}}