{"id":1560,"date":"2017-09-04T09:21:58","date_gmt":"2017-09-04T11:21:58","guid":{"rendered":"http:\/\/frega.lt\/?page_id=1560"},"modified":"2021-12-20T07:54:27","modified_gmt":"2021-12-20T09:54:27","slug":"sandeliavimo-paslaugos","status":"publish","type":"page","link":"https:\/\/www.frega.lt\/?page_id=1560","title":{"rendered":"Sand\u0117liavimo paslaugos"},"content":{"rendered":"<p>[vc_row css=&#8221;.vc_custom_1505736153000{margin-bottom: 60px !important;}&#8221;][vc_column width=&#8221;1\/2&#8243;][vc_column_text]<\/p>\n<ul>\n<li>Europos Bendrijos preki\u0173 saugojimas;<\/li>\n<li>Tre\u010di\u0173j\u0173 \u0161ali\u0173 preki\u0173 saugojiimas A tipo muitin\u0117s sand\u0117lyje;<\/li>\n<li>Krovos darbai (mechanizuotu, rankiniu b\u016bdu), darbai su kranu;<\/li>\n<li>Ilgalaikis ir trumpalaikis preki\u0173 sand\u0117liavimas muitin\u0117s sand\u0117liuose;<\/li>\n<li>Preki\u0173 kokyb\u0117s ir dokument\u0173 tikrinimas pri\u0117mimo metu;<\/li>\n<li>Preki\u0173 surinkimas pagal u\u017esakymus, pakavimas ir i\u0161siuntimas klientams;<\/li>\n<li>Preki\u0173 ir siunt\u0173 r\u016b\u0161iavimas, sv\u0117rimas, paskirstymas;<\/li>\n<li>\u012eprastin\u0117s preki\u0173 ir dokument\u0173 tvarkymo operacijos (pakuot\u0117s keitimas, komplektavimas, derinimas, i\u0161bandymas, rekonstravimas, padalijimas ir pan.);<\/li>\n<li>Preki\u0173 \u017eenklinimas etiket\u0117mis, parengimas transportavimui, paskirstymui ar pardavimui;<\/li>\n<li>Krovini\u0173 i\u0161krovimas, parengimas transportavimui, transportavimo patogumui i\u0161ardyt\u0173 preki\u0173 surinkimas;<\/li>\n<li>Preki\u0173 apskaitymas naudojant moderni\u0105 sand\u0117li\u0173 valdymo sistem\u0105.<\/li>\n<\/ul>\n<p>[\/vc_column_text][\/vc_column][vc_column width=&#8221;1\/2&#8243;][vc_single_image image=&#8221;1727&#8243; img_size=&#8221;large&#8221;][\/vc_column][\/vc_row][vc_row full_width=&#8221;stretch_row&#8221; css=&#8221;.vc_custom_1505722939492{padding-top: 70px !important;padding-bottom: 40px !important;background-color: #f7f7f7 !important;}&#8221; el_class=&#8221;contact-main&#8221;][vc_column width=&#8221;1\/3&#8243;][\/vc_column][\/vc_row][vc_row full_width=&#8221;stretch_row&#8221; css=&#8221;.vc_custom_1504523602621{padding-bottom: 50px !important;background-color: #f7f7f7 !important;}&#8221; el_class=&#8221;footer-main&#8221;][vc_column width=&#8221;1\/4&#8243;][\/vc_column][vc_column width=&#8221;1\/4&#8243;][vc_column_text]<\/p>\n<h4>MUITIN\u0116S TARPININKAI:<\/h4>\n<p><i class=\"fa fa-phone\" aria-hidden=\"true\"><\/i>\u0422\u0435l.: <a href=\"tel:+370 630 00619\">+370 630 00619<\/a><br \/>\n<i class=\"fa fa-envelope\" aria-hidden=\"true\"><\/i>Email: <a href=\"mailto:mta@frega.lt\">mta@frega.lt<\/a>[\/vc_column_text][\/vc_column][vc_column width=&#8221;1\/4&#8243;][vc_column_text]<\/p>\n<h4>PRI\u0116MIMO SKYRIUS:<\/h4>\n<p><i class=\"fa fa-phone\" aria-hidden=\"true\"><\/i>\u0422\u0435l.: <a href=\"tel:+370 630 00614\">+370 630 00614<\/a><br \/>\n<i class=\"fa fa-envelope\" aria-hidden=\"true\"><\/i>Email: <a href=\"mailto:priemimas@frega.lt\">priemimas@frega.lt<\/a>[\/vc_column_text][\/vc_column][vc_column width=&#8221;1\/4&#8243;][vc_column_text]<\/p>\n<h4>U\u017dSAKYM\u0172 SKYRIUS:<\/h4>\n<p><i class=\"fa fa-phone\" aria-hidden=\"true\"><\/i>\u0422\u0435l.: <a href=\"tel:+370 630 00613\">+370 630 00613<\/a><br \/>\n<i class=\"fa fa-envelope\" aria-hidden=\"true\"><\/i>Email: <a href=\"mailto:custom@frega.lt\">custom@frega.lt<\/a>[\/vc_column_text][\/vc_column][\/vc_row][vc_row full_width=&#8221;stretch_row_content_no_spaces&#8221; el_class=&#8221;map-main&#8221;][vc_column][vc_gmaps link=&#8221;#E-8_JTNDaWZyYW1lJTIwc3JjJTNEJTIyaHR0cHMlM0ElMkYlMkZ3d3cuZ29vZ2xlLmNvbSUyRm1hcHMlMkZlbWJlZCUzRnBiJTNEJTIxMW0xOCUyMTFtMTIlMjExbTMlMjExZDIzMDcuNDM3Mzk5MDIzNjY0JTIxMmQyNS4yNTMyMjMyMTU5NjE3NyUyMTNkNTQuNjY2NzI3OTgyNjkwNjc0JTIxMm0zJTIxMWYwJTIxMmYwJTIxM2YwJTIxM20yJTIxMWkxMDI0JTIxMmk3NjglMjE0ZjEzLjElMjEzbTMlMjExbTIlMjExczB4NDZkZDk0N2I0MGI4NjJkYiUyNTNBMHhhNWQxNTAwMDAzOGU3NDM4JTIxMnNQYW5lcmklMjVDNSUyNUIzJTJCZy4lMkI1MSUyNTJDJTJCVmlsbml1cyUyQjAzMjAyJTIxNWUwJTIxM20yJTIxMXNlbiUyMTJzbHQlMjE0djE1MDQxNjA0MTA0MzYlMjIlMjB3aWR0aCUzRCUyMjYwMCUyMiUyMGhlaWdodCUzRCUyMjQ1MCUyMiUyMGZyYW1lYm9yZGVyJTNEJTIyMCUyMiUyMHN0eWxlJTNEJTIyYm9yZGVyJTNBMCUyMiUyMGFsbG93ZnVsbHNjcmVlbiUzRSUzQyUyRmlmcmFtZSUzRQ==&#8221; el_class=&#8221;map-main&#8221;][\/vc_column][\/vc_row]<\/p>","protected":false},"excerpt":{"rendered":"<p>[vc_row css=&#8221;.vc_custom_1505736153000{margin-bottom: 60px !important;}&#8221;][vc_column width=&#8221;1\/2&#8243;][vc_column_text] Europos Bendrijos preki\u0173 saugojimas; Tre\u010di\u0173j\u0173 \u0161ali\u0173 preki\u0173 saugojiimas A tipo muitin\u0117s sand\u0117lyje; Krovos darbai (mechanizuotu, rankiniu b\u016bdu), darbai su kranu; Ilgalaikis ir trumpalaikis preki\u0173 sand\u0117liavimas muitin\u0117s sand\u0117liuose; Preki\u0173&#8230;<\/p>\n","protected":false},"author":1,"featured_media":0,"parent":0,"menu_order":0,"comment_status":"closed","ping_status":"closed","template":"","meta":{"footnotes":""},"_links":{"self":[{"href":"https:\/\/www.frega.lt\/index.php?rest_route=\/wp\/v2\/pages\/1560"}],"collection":[{"href":"https:\/\/www.frega.lt\/index.php?rest_route=\/wp\/v2\/pages"}],"about":[{"href":"https:\/\/www.frega.lt\/index.php?rest_route=\/wp\/v2\/types\/page"}],"author":[{"embeddable":true,"href":"https:\/\/www.frega.lt\/index.php?rest_route=\/wp\/v2\/users\/1"}],"replies":[{"embeddable":true,"href":"https:\/\/www.frega.lt\/index.php?rest_route=%2Fwp%2Fv2%2Fcomments&post=1560"}],"version-history":[{"count":16,"href":"https:\/\/www.frega.lt\/index.php?rest_route=\/wp\/v2\/pages\/1560\/revisions"}],"predecessor-version":[{"id":1986,"href":"https:\/\/www.frega.lt\/index.php?rest_route=\/wp\/v2\/pages\/1560\/revisions\/1986"}],"wp:attachment":[{"href":"https:\/\/www.frega.lt\/index.php?rest_route=%2Fwp%2Fv2%2Fmedia&parent=1560"}],"curies":[{"name":"wp","href":"https:\/\/api.w.org\/{rel}","templated":true}]}}