{"id":1512,"date":"2017-09-04T08:42:31","date_gmt":"2017-09-04T10:42:31","guid":{"rendered":"http:\/\/frega.lt\/?page_id=1512"},"modified":"2021-12-20T07:51:14","modified_gmt":"2021-12-20T09:51:14","slug":"muitines-tarpininkavimas","status":"publish","type":"page","link":"https:\/\/www.frega.lt\/?page_id=1512","title":{"rendered":"Muitin\u0117s tarpininkavimas"},"content":{"rendered":"<p>[vc_row css=&#8221;.vc_custom_1505735885274{margin-bottom: 60px !important;}&#8221;][vc_column width=&#8221;1\/2&#8243;][vc_column_text]<\/p>\n<ul>\n<li>Muitin\u0117s dokument\u0173 rengimas pagal galiojan\u010dius muitin\u0117s \u012fstaig\u0173 reikalavimus;<\/li>\n<li>Muitin\u0117s dokument\u0173 pildymas;<\/li>\n<li>\u201eINTRASTAT\u201c ataskait\u0173 pildymas, j\u0173 pateikimas muitin\u0117s \u012fstaigai;<\/li>\n<li>Krovinio dokument\u0173 pildymas: TIR Carnet, CMR, SMGS;<\/li>\n<li>Atstovavimas muitin\u0117je, valstybin\u0117se ir kitose tarnybose, gaunant licencijas, sertifikatus, leidimus ir t.t.;<\/li>\n<li>Atstovavimas verslo subjektams, deklaruojant prekes visoms muitin\u0117s proced\u016broms;<\/li>\n<li>Atstovavimas veterinarijos ir fitosanitarijos tarnybose;<\/li>\n<li>Konsultacijos muitin\u0117s proced\u016br\u0173 ir kit\u0173 sankcionuot\u0173 veiksm\u0173 klausimais (taikom\u0173 muitin\u0117s proced\u016br\u0173 per\u017ei\u016bra, rekomendacijos d\u0117l ekonominiu po\u017ei\u016briu tikslingesni\u0173 muitin\u0117s proced\u016br\u0173 pasirinkimo);<\/li>\n<li>Muitin\u0117s ir laisvojo sand\u0117lio paslaugos.<\/li>\n<\/ul>\n<p>[\/vc_column_text][\/vc_column][vc_column width=&#8221;1\/2&#8243;][vc_single_image image=&#8221;1724&#8243; img_size=&#8221;large&#8221;][\/vc_column][\/vc_row][vc_row full_width=&#8221;stretch_row&#8221; css=&#8221;.vc_custom_1505722927780{padding-top: 70px !important;padding-bottom: 40px !important;background-color: #f7f7f7 !important;}&#8221; el_class=&#8221;contact-main&#8221;][vc_column width=&#8221;2\/3&#8243;][\/vc_column][\/vc_row][vc_row full_width=&#8221;stretch_row&#8221; css=&#8221;.vc_custom_1505722776570{padding-bottom: 50px !important;background-color: #f7f7f7 !important;}&#8221; el_class=&#8221;footer-main&#8221;][vc_column width=&#8221;1\/4&#8243;][\/vc_column][vc_column width=&#8221;1\/4&#8243;][vc_column_text]<\/p>\n<h4>MUITIN\u0116S TARPININKAI:<\/h4>\n<p><i class=\"fa fa-phone\" aria-hidden=\"true\"><\/i>\u0422\u0435l.: <a href=\"tel:+370 630 00619\">+370 630 00619<\/a><br \/>\n<i class=\"fa fa-envelope\" aria-hidden=\"true\"><\/i>Email: <a href=\"mailto:mta@frega.lt\">mta@frega.lt<\/a>[\/vc_column_text][\/vc_column][vc_column width=&#8221;1\/4&#8243;][vc_column_text]<\/p>\n<h4>PRI\u0116MIMO SKYRIUS:<\/h4>\n<p><i class=\"fa fa-phone\" aria-hidden=\"true\"><\/i>\u0422\u0435l.: <a href=\"tel:+370 630 00614\">+370 630 00614<\/a><br \/>\n<i class=\"fa fa-envelope\" aria-hidden=\"true\"><\/i>Email: <a href=\"mailto:priemimas@frega.lt\">priemimas@frega.lt<\/a>[\/vc_column_text][\/vc_column][vc_column width=&#8221;1\/4&#8243;][vc_column_text]<\/p>\n<h4>U\u017dSAKYM\u0172 SKYRIUS:<\/h4>\n<p><i class=\"fa fa-phone\" aria-hidden=\"true\"><\/i>\u0422\u0435l.: <a href=\"tel:+370 630 00613\">+370 630 00613<\/a><br \/>\n<i class=\"fa fa-envelope\" aria-hidden=\"true\"><\/i>Email: <a href=\"mailto:custom@frega.lt\">custom@frega.lt<\/a>[\/vc_column_text][\/vc_column][\/vc_row][vc_row full_width=&#8221;stretch_row_content_no_spaces&#8221; el_class=&#8221;map-main&#8221;][vc_column][vc_gmaps link=&#8221;#E-8_JTNDaWZyYW1lJTIwc3JjJTNEJTIyaHR0cHMlM0ElMkYlMkZ3d3cuZ29vZ2xlLmNvbSUyRm1hcHMlMkZlbWJlZCUzRnBiJTNEJTIxMW0xOCUyMTFtMTIlMjExbTMlMjExZDIzMDcuNDM3Mzk5MDIzNjY0JTIxMmQyNS4yNTMyMjMyMTU5NjE3NyUyMTNkNTQuNjY2NzI3OTgyNjkwNjc0JTIxMm0zJTIxMWYwJTIxMmYwJTIxM2YwJTIxM20yJTIxMWkxMDI0JTIxMmk3NjglMjE0ZjEzLjElMjEzbTMlMjExbTIlMjExczB4NDZkZDk0N2I0MGI4NjJkYiUyNTNBMHhhNWQxNTAwMDAzOGU3NDM4JTIxMnNQYW5lcmklMjVDNSUyNUIzJTJCZy4lMkI1MSUyNTJDJTJCVmlsbml1cyUyQjAzMjAyJTIxNWUwJTIxM20yJTIxMXNlbiUyMTJzbHQlMjE0djE1MDQxNjA0MTA0MzYlMjIlMjB3aWR0aCUzRCUyMjYwMCUyMiUyMGhlaWdodCUzRCUyMjQ1MCUyMiUyMGZyYW1lYm9yZGVyJTNEJTIyMCUyMiUyMHN0eWxlJTNEJTIyYm9yZGVyJTNBMCUyMiUyMGFsbG93ZnVsbHNjcmVlbiUzRSUzQyUyRmlmcmFtZSUzRQ==&#8221; el_class=&#8221;map-main&#8221;][\/vc_column][\/vc_row]<\/p>","protected":false},"excerpt":{"rendered":"<p>[vc_row css=&#8221;.vc_custom_1505735885274{margin-bottom: 60px !important;}&#8221;][vc_column width=&#8221;1\/2&#8243;][vc_column_text] Muitin\u0117s dokument\u0173 rengimas pagal galiojan\u010dius muitin\u0117s \u012fstaig\u0173 reikalavimus; Muitin\u0117s dokument\u0173 pildymas; \u201eINTRASTAT\u201c ataskait\u0173 pildymas, j\u0173 pateikimas muitin\u0117s \u012fstaigai; Krovinio dokument\u0173 pildymas: TIR Carnet, CMR, SMGS; Atstovavimas muitin\u0117je, valstybin\u0117se&#8230;<\/p>\n","protected":false},"author":1,"featured_media":0,"parent":0,"menu_order":0,"comment_status":"closed","ping_status":"closed","template":"","meta":{"footnotes":""},"_links":{"self":[{"href":"https:\/\/www.frega.lt\/index.php?rest_route=\/wp\/v2\/pages\/1512"}],"collection":[{"href":"https:\/\/www.frega.lt\/index.php?rest_route=\/wp\/v2\/pages"}],"about":[{"href":"https:\/\/www.frega.lt\/index.php?rest_route=\/wp\/v2\/types\/page"}],"author":[{"embeddable":true,"href":"https:\/\/www.frega.lt\/index.php?rest_route=\/wp\/v2\/users\/1"}],"replies":[{"embeddable":true,"href":"https:\/\/www.frega.lt\/index.php?rest_route=%2Fwp%2Fv2%2Fcomments&post=1512"}],"version-history":[{"count":44,"href":"https:\/\/www.frega.lt\/index.php?rest_route=\/wp\/v2\/pages\/1512\/revisions"}],"predecessor-version":[{"id":1849,"href":"https:\/\/www.frega.lt\/index.php?rest_route=\/wp\/v2\/pages\/1512\/revisions\/1849"}],"wp:attachment":[{"href":"https:\/\/www.frega.lt\/index.php?rest_route=%2Fwp%2Fv2%2Fmedia&parent=1512"}],"curies":[{"name":"wp","href":"https:\/\/api.w.org\/{rel}","templated":true}]}}