{"id":1269,"date":"2015-10-21T07:42:32","date_gmt":"2015-10-21T07:42:32","guid":{"rendered":"http:\/\/logistics.stylemixthemes.com\/demo\/?page_id=2"},"modified":"2021-12-20T07:59:45","modified_gmt":"2021-12-20T09:59:45","slug":"pradzia","status":"publish","type":"page","link":"https:\/\/www.frega.lt\/","title":{"rendered":"Home"},"content":{"rendered":"<p>[vc_row full_width=&#8221;stretch_row_content_no_spaces&#8221; css=&#8221;.vc_custom_1445941555299{margin-bottom: 0px !important;}&#8221;][vc_column offset=&#8221;vc_hidden-xs&#8221;][rev_slider_vc alias=&#8221;video&#8221;][\/vc_column][\/vc_row][vc_row css=&#8221;.vc_custom_1505723875721{margin-top: 80px !important;margin-bottom: 80px !important;}&#8221; el_class=&#8221;main-about&#8221;][vc_column offset=&#8221;vc_col-lg-6 vc_col-md-6&#8243;][vc_column_text]<\/p>\n<p style=\"text-align: justify;\">UAB \u201eFrega\u201c prad\u0117jo savo veikl\u0105 2010 metais ir s\u0117kmingai teikia kompleksi\u0161kas logistikos paslaugas. Patyr\u0119 \u012fmon\u0117s logistikos specialistai pasir\u016bpina visa J\u016bs\u0173 \u012fmon\u0117s logistikos veikla, tuo tarpu patys gal\u0117site susitelkti ties pagrindine savo veikla \u2013 \u012fmon\u0117s pl\u0117tra.<\/p>\n<h2><span style=\"font-weight: 300;\">M\u016aS\u0172 PRIVALUMAI:<\/span><\/h2>\n<ul>\n<li style=\"text-align: justify;\"><strong>PATOGUMAS<\/strong> &#8211; muitin\u0117s tarpinink\u0173 \/ deklarant\u0173 skyrius bei erdvus sand\u0117lys yra \u0161alia Vilniaus Vakarinio aplinkelio, A1 magistral\u0117s. Pakeliui \u012f pagrindinius Muitin\u0117s postus.<\/li>\n<li style=\"text-align: justify;\"><strong>PATIKIMUMAS <\/strong>&#8211; logistikos srityje s\u0117kmingai dirbame vir\u0161 +10 met\u0173. M\u016bs\u0173 paslaugomis naudojosi <strong>vir\u0161 1000<\/strong> Lietuvos ir u\u017esienio \u012fmoni\u0173!<\/li>\n<li style=\"text-align: justify;\"><strong>GREITIS <\/strong>&#8211; vir\u0161 90% muitin\u0117s deklaracij\u0173 sutvarkome t\u0105 pa\u010di\u0105 dien\u0105. Muitin\u0117s tarpininkai laukia J\u016bs\u0173 kasdien.<\/li>\n<li style=\"text-align: justify;\"><strong>LANKSTUMAS <\/strong>&#8211; muitin\u0117s formalumus atliekame lanks\u010diai. Patikimai atstovaujame klient\u0173 interesus Muitin\u0117je.<\/li>\n<\/ul>\n<p>[\/vc_column_text][\/vc_column][vc_column offset=&#8221;vc_col-lg-6 vc_col-md-6 vc_hidden-sm vc_hidden-xs&#8221;][stm_video_popup image=&#8221;1500&#8243; src=&#8221;&#8222;https:\/\/www.youtube.com\/embed\/A6XUVjK9W4o&#8222;&#8221; width=&#8221;&#8222;420&#8222;&#8221; height=&#8221;&#8222;315&#8222;&#8221; frameborder=&#8221;&#8222;0&#8222;&#8221; video=&#8221;https:\/\/www.youtube.com\/embed\/3SBUxYeNWu8&#8243;][\/vc_column][\/vc_row][vc_row css=&#8221;.vc_custom_1504522820654{margin-bottom: 100px !important;padding-bottom: 70px !important;background-position: center !important;background-repeat: no-repeat !important;background-size: cover !important;}&#8221; el_class=&#8221;icons-main&#8221;][vc_column width=&#8221;1\/2&#8243; el_id=&#8221;icons-left&#8221;][stm_icon icon_size=&#8221;71&#8243; icon_height=&#8221;72&#8243; title_font_size=&#8221;20&#8243; title_font_weight=&#8221;500&#8243; icon=&#8221;stm-projects-done&#8221; title=&#8221;MUITIN\u0116S TARPININKAVIMAS&#8221; text=&#8221;<\/p>\n<ul>\n<li>Muitin\u0117s dokument\u0173 rengimas pagal galiojan\u010dius muitin\u0117s reikalvimus;<\/li>\n<li>Krovinio dokument\u0173 pildymas: TIR Carnet, CMR, SMGS it kt.;<\/li>\n<li>Konsultacijos muitin\u0117s proced\u016br\u0173 ir kit\u0173 sankcionuot\u0173 veiksm\u0173 klausimais;<\/li>\n<li>Atstovavimas muitin\u0117je, valstybin\u0117se ir kitose tarnybose, gaunant licencijas, sertifikatus, leidimus ir t.t.;<\/li>\n<\/ul>\n<p>&#8221; text_color=&#8221;#808080&#8243; link=&#8221;url:%2Fmuitines-tarpininkavimas%2F|||&#8221;][stm_icon icon_size=&#8221;71&#8243; icon_height=&#8221;72&#8243; title_font_size=&#8221;20&#8243; title_font_weight=&#8221;500&#8243; icon=&#8221;stm-transport839&#8243; title=&#8221;EPI \/ TRANZITAS per ES (T1)&#8221; text_color=&#8221;#808080&#8243; link=&#8221;url:%2Fepi-tranzitas-per-es-t-1%2F|||&#8221; text=&#8221;<\/p>\n<ul>\n<li>IEI \u2013 I\u0161ankstinis elektroninis informavimas (EPI), kuris yra privalomas visiems kroviniams ir transporto priemon\u0117ms va\u017eiuojantiems \u012f\/per Muit\u0173 S\u0105jung\u0105.<\/li>\n<li>Tranzitas \u2013 muitin\u0117s proced\u016bra, kuri\u0105 taikant muitin\u0117s pri\u017ei\u016brimos prek\u0117s ve\u017eamos i\u0161 vienos muitin\u0117s \u012fstaigos \u012f kit\u0105.<\/li>\n<li>Tranzitin\u0117 deklaracija (T1)<\/li>\n<\/ul>\n<p>&#8221; css=&#8221;.vc_custom_1603369511044{margin-top: 70px !important;}&#8221;][\/vc_column][vc_column width=&#8221;1\/2&#8243; el_id=&#8221;icons-right&#8221;][stm_icon icon_size=&#8221;71&#8243; icon_height=&#8221;72&#8243; title_font_size=&#8221;20&#8243; title_font_weight=&#8221;500&#8243; icon=&#8221;stm-warehouse&#8221; title=&#8221;SAND\u0116LIAVIMO PASLAUGOS&#8221; text_color=&#8221;#808080&#8243; link=&#8221;url:%2Fsandeliavimo-paslaugos%2F|||&#8221; text=&#8221;<\/p>\n<ul>\n<li>Europos Bendrijos preki\u0173 saugojimas Muitin\u0117s sandelyje<\/li>\n<li>Krovos darbai (mechanizuotu, rankiniu b\u016bdu), darbai su kranu;<\/li>\n<li>Preki\u0173 \u017eenklinimas etiket\u0117mis, sv\u0117rimas, r\u016b\u0161iavimas, parengimas transportavimui, paskirstymui ar pardavimui;<\/li>\n<li>Temperat\u016briniai sand\u0117liai (re\u017eimas nuo -20C iki +20C)<\/li>\n<\/ul>\n<p>&#8222;][stm_icon icon_size=&#8221;71&#8243; icon_height=&#8221;72&#8243; title_font_size=&#8221;20&#8243; title_font_weight=&#8221;500&#8243; icon=&#8221;stm-clients-worldwide&#8221; title=&#8221;LOGISTIKOS PASLAUGOS&#8221; text_color=&#8221;#808080&#8243; link=&#8221;url:%2Flogistikos-paslaugos%2F|||&#8221; text=&#8221;<\/p>\n<ul>\n<li>Sand\u0117liavimo ir u\u017esakym\u0173 valdymo sprendimai J\u016bs\u0173 verslui<\/li>\n<li>Atsarg\u0173 valdymo ir transporto paskirstymo sprendimai<\/li>\n<li>Paslaugos gabenantiems krovinius i\u0161 Europos S\u0105jungos \u012f tre\u010diasias \u0161alis;<\/li>\n<li>Krovinio pristatymas \u201enuo dur\u0173 iki dur\u0173\u201c;<\/li>\n<li>Atsarg\u0173 valdymo sprendimai;<\/li>\n<\/ul>\n<p>&#8221; css=&#8221;.vc_custom_1603370828531{margin-top: 70px !important;}&#8221;][\/vc_column][\/vc_row][vc_row full_width=&#8221;stretch_row&#8221; css=&#8221;.vc_custom_1505721835797{margin-top: 120px !important;padding-top: 50px !important;padding-bottom: 40px !important;background-color: #f7f7f7 !important;}&#8221; el_class=&#8221;contact-main&#8221;][vc_column width=&#8221;2\/3&#8243;][\/vc_column][\/vc_row][vc_row full_width=&#8221;stretch_row&#8221; el_class=&#8221;footer-main&#8221; css=&#8221;.vc_custom_1504161835298{padding-bottom: 50px !important;background-color: #f7f7f7 !important;}&#8221;][vc_column width=&#8221;1\/4&#8243; css=&#8221;.vc_custom_1603783524086{background-color: #ffffff !important;}&#8221;][\/vc_column][vc_column width=&#8221;1\/4&#8243;][vc_column_text]<\/p>\n<h4>MUITIN\u0116S TARPININKAI:<\/h4>\n<p><i class=\"fa fa-phone\" aria-hidden=\"true\"><\/i>\u0422\u0435l.: <a href=\"tel:+370 630 00619\">+370 630 00619<\/a><br \/>\n<i class=\"fa fa-envelope\" aria-hidden=\"true\"><\/i>El.pa\u0161tas: <a href=\"mailto:mta@frega.lt\">mta@frega.lt<\/a>[\/vc_column_text][\/vc_column][vc_column width=&#8221;1\/4&#8243;][vc_column_text]<\/p>\n<h4>DOKUMENT\u0172 PRI\u0116MIMO SKYRIUS<\/h4>\n<p><i class=\"fa fa-phone\" aria-hidden=\"true\"><\/i>\u0422\u0435l.: <a href=\"tel:+370 630 00614\">+370 630 00614<\/a><br \/>\n<i class=\"fa fa-envelope\" aria-hidden=\"true\"><\/i>El.pa\u0161tas: <a href=\"mailto:priemimas@frega.lt\">priemimas@frega.lt<\/a>[\/vc_column_text][\/vc_column][vc_column width=&#8221;1\/4&#8243;][vc_column_text]<\/p>\n<h4>U\u017dSAKYM\u0172 SKYRIUS:<\/h4>\n<p><i class=\"fa fa-phone\" aria-hidden=\"true\"><\/i>\u0422\u0435l.: <a href=\"tel:+370 630 00613\">+370 630 00613<\/a><br \/>\n<i class=\"fa fa-envelope\" aria-hidden=\"true\"><\/i>El.pa\u0161tas: <a href=\"mailto:custom@frega.lt\">custom@frega.lt<\/a>[\/vc_column_text][\/vc_column][\/vc_row][vc_row full_width=&#8221;stretch_row_content_no_spaces&#8221; el_class=&#8221;map-main&#8221;][vc_column][vc_gmaps link=&#8221;#E-8_JTNDaWZyYW1lJTIwc3JjJTNEJTIyaHR0cHMlM0ElMkYlMkZ3d3cuZ29vZ2xlLmNvbSUyRm1hcHMlMkZlbWJlZCUzRnBiJTNEJTIxMW0xOCUyMTFtMTIlMjExbTMlMjExZDIzMDcuNDM3Mzk5MDIzNjY0JTIxMmQyNS4yNTMyMjMyMTU5NjE3NyUyMTNkNTQuNjY2NzI3OTgyNjkwNjc0JTIxMm0zJTIxMWYwJTIxMmYwJTIxM2YwJTIxM20yJTIxMWkxMDI0JTIxMmk3NjglMjE0ZjEzLjElMjEzbTMlMjExbTIlMjExczB4NDZkZDk0N2I0MGI4NjJkYiUyNTNBMHhhNWQxNTAwMDAzOGU3NDM4JTIxMnNQYW5lcmklMjVDNSUyNUIzJTJCZy4lMkI1MSUyNTJDJTJCVmlsbml1cyUyQjAzMjAyJTIxNWUwJTIxM20yJTIxMXNlbiUyMTJzbHQlMjE0djE1MDQxNjA0MTA0MzYlMjIlMjB3aWR0aCUzRCUyMjYwMCUyMiUyMGhlaWdodCUzRCUyMjQ1MCUyMiUyMGZyYW1lYm9yZGVyJTNEJTIyMCUyMiUyMHN0eWxlJTNEJTIyYm9yZGVyJTNBMCUyMiUyMGFsbG93ZnVsbHNjcmVlbiUzRSUzQyUyRmlmcmFtZSUzRQ==&#8221; el_class=&#8221;map-main&#8221;][\/vc_column][\/vc_row]<\/p>","protected":false},"excerpt":{"rendered":"<p>[vc_row full_width=&#8221;stretch_row_content_no_spaces&#8221; css=&#8221;.vc_custom_1445941555299{margin-bottom: 0px !important;}&#8221;][vc_column offset=&#8221;vc_hidden-xs&#8221;][rev_slider_vc alias=&#8221;video&#8221;][\/vc_column][\/vc_row][vc_row css=&#8221;.vc_custom_1505723875721{margin-top: 80px !important;margin-bottom: 80px !important;}&#8221; el_class=&#8221;main-about&#8221;][vc_column offset=&#8221;vc_col-lg-6 vc_col-md-6&#8243;][vc_column_text] UAB \u201eFrega\u201c prad\u0117jo savo veikl\u0105 2010 metais ir s\u0117kmingai teikia kompleksi\u0161kas logistikos paslaugas. Patyr\u0119 \u012fmon\u0117s logistikos specialistai pasir\u016bpina&#8230;<\/p>\n","protected":false},"author":1,"featured_media":0,"parent":0,"menu_order":0,"comment_status":"closed","ping_status":"open","template":"","meta":{"footnotes":""},"_links":{"self":[{"href":"https:\/\/www.frega.lt\/index.php?rest_route=\/wp\/v2\/pages\/1269"}],"collection":[{"href":"https:\/\/www.frega.lt\/index.php?rest_route=\/wp\/v2\/pages"}],"about":[{"href":"https:\/\/www.frega.lt\/index.php?rest_route=\/wp\/v2\/types\/page"}],"author":[{"embeddable":true,"href":"https:\/\/www.frega.lt\/index.php?rest_route=\/wp\/v2\/users\/1"}],"replies":[{"embeddable":true,"href":"https:\/\/www.frega.lt\/index.php?rest_route=%2Fwp%2Fv2%2Fcomments&post=1269"}],"version-history":[{"count":189,"href":"https:\/\/www.frega.lt\/index.php?rest_route=\/wp\/v2\/pages\/1269\/revisions"}],"predecessor-version":[{"id":1885,"href":"https:\/\/www.frega.lt\/index.php?rest_route=\/wp\/v2\/pages\/1269\/revisions\/1885"}],"wp:attachment":[{"href":"https:\/\/www.frega.lt\/index.php?rest_route=%2Fwp%2Fv2%2Fmedia&parent=1269"}],"curies":[{"name":"wp","href":"https:\/\/api.w.org\/{rel}","templated":true}]}}